{"id":92,"date":"2026-04-15T20:15:09","date_gmt":"2026-04-15T20:15:09","guid":{"rendered":"https:\/\/oxandoctopus.com\/?page_id=92"},"modified":"2026-04-15T20:15:09","modified_gmt":"2026-04-15T20:15:09","slug":"about","status":"publish","type":"page","link":"https:\/\/oxandoctopus.com\/fr\/about\/","title":{"rendered":"About"},"content":{"rendered":"<section id=\"section-4-64\" class=\"ct-section\" style=\"background-image: linear-gradient(#000000, rgba(0,0,0,0.5), #000000), url(https:\/\/oxandoctopus.com\/wp-content\/uploads\/2026\/02\/Presse-Cvr.jpg);background-size:auto,  cover;\" ><div class=\"ct-section-inner-wrap\"><h1 id=\"headline-7-64\" class=\"ct-headline brewery-heading-one\"><span id=\"span-8-64\" class=\"ct-span\" >About<\/span><\/h1><\/div><\/section><section id=\"section-9-64\" class=\"ct-section\" ><div class=\"ct-section-inner-wrap\"><div id=\"_tabs-17-92\" class=\"oxy-tabs-wrapper oxy-tabs\" data-oxy-tabs-active-tab-class='tabs-1685-tab-active' data-oxy-tabs-contents-wrapper='_tabs_contents-24-92' ><div id=\"_tab-18-92\" class=\"oxy-tab tabs-1685-tab tabs-1685-tab-active\" ><div id=\"text_block-21-92\" class=\"ct-text-block\" >Fran\u00e7ais<br><\/div><\/div><div id=\"_tab-19-92\" class=\"oxy-tab tabs-1685-tab tabs-1685-tab-active\" ><div id=\"text_block-22-92\" class=\"ct-text-block\" >Anglais<\/div><\/div><\/div><div id=\"_tabs_contents-24-92\" class=\"oxy-tabs-contents-wrapper oxy-tabs-contents\" ><div id=\"_tab_content-25-92\" class=\"oxy-tab-content tabs-contents-1685-tab  oxy-tabs-contents-content-hidden\" ><div id=\"_rich_text-31-92\" class=\"oxy-rich-text\" ><p class=\"Normal tm5\"><span class=\"tm6\">Ox &amp; Octopus est le projet solo de Jarrod Gawne (The Open Rays, For\u00eat Marine), auteur-compositeur-interpr\u00e8te, multi-instrumentiste et r\u00e9alisateur \u00e9tabli dans les Laurentides. N\u00e9 \u00e0 Victoria, en Colombie-Britannique, dans une famille de musiciens, il grandit dans un environnement o\u00f9 la musique n\u2019est pas un m\u00e9tier mais une mani\u00e8re d\u2019habiter le monde.<\/span><\/p><p class=\"Normal tm5\"><span class=\"tm6\">Tr\u00e8s t\u00f4t, il comprend que la chanson est un passeport, un espace de connexion, un outil de transformation, un territoire o\u00f9 l\u2019on peut naviguer entre paysages int\u00e9rieurs et r\u00e9alit\u00e9s ext\u00e9rieures. En 2008, il s\u2019installe d\u00e9finitivement au Qu\u00e9bec, o\u00f9 il poursuit \u00e0 la fois sa vie artistique et sa carri\u00e8re d\u2019\u00e9ducateur sp\u00e9cialis\u00e9.<\/span><\/p><p class=\"Normal tm5\"><span class=\"tm6\">Au contact de personnes vivant des d\u00e9fis en sant\u00e9 mentale et en neurodiversit\u00e9, Jarrod d\u00e9veloppe une sensibilit\u00e9 particuli\u00e8re \u00e0 la vuln\u00e9rabilit\u00e9, \u00e0 la r\u00e9silience et \u00e0 la complexit\u00e9 humaine; des exp\u00e9riences qui nourrissent directement son \u00e9criture. Pour lui, la musique est un processus organique, il ne fabrique pas des chansons, il les d\u00e9couvre. Un riff appara\u00eet, une phrase surgit, et peu \u00e0 peu, le sens se r\u00e9v\u00e8le comme si la chanson existait d\u00e9j\u00e0 et demandait simplement \u00e0 \u00eatre mise au monde.<\/span><\/p><p class=\"Normal tm5\"><span class=\"tm6\">Le nom Ox &amp; Octopus incarne la dualit\u00e9 de cet artiste. Inspir\u00e9 \u00e0 la fois par le signe astrologique du Taureau et le B\u0153uf du zodiaque chinois. Ox symbolise la pers\u00e9v\u00e9rance, l\u2019endurance et la force tranquille. Octopus \u00e9voque quant \u00e0 lui la polyvalence, la curiosit\u00e9 insatiable et la capacit\u00e9 de toucher \u00e0 tous les aspects de la cr\u00e9ation: composition, \u00e9criture, enregistrement, production, r\u00e9alisation et mixage. Ce nom est donc une m\u00e9taphore d\u2019acceptation, embrasser pleinement ses caract\u00e9ristiques et en faire un moteur artistique.<\/span><\/p><p class=\"Normal tm5\"><span class=\"tm6\">Autoproduit, Ox &amp; Octopus revendique un son volontairement vivant, parfois brut, toujours sinc\u00e8re. Entre folk textur\u00e9, rock introspectif, \u00e9lans \u00e9lectroniques et touches de rap old-school, sa musique refuse les moules et privil\u00e9gie l\u2019authenticit\u00e9 \u00e0 la conformit\u00e9. Soutenu par une communaut\u00e9 d\u2019ami(es) musicien(nes) qui enrichissent certaines chansons de leurs couleurs, Jarrod construit une \u0153uvre libre, incarn\u00e9e et profond\u00e9ment humaine.<\/span><\/p><p class=\"Normal tm5\">\u00a0<\/p><p class=\"Normal tm5\">\u00a0<\/p><\/div><\/div><div id=\"_tab_content-26-92\" class=\"oxy-tab-content tabs-contents-1685-tab  oxy-tabs-contents-content-hidden\" ><div id=\"_rich_text-35-92\" class=\"oxy-rich-text\" ><p class=\"Normal tm5\"><span class=\"tm6\">Ox &amp; Octopus is the solo project of Jarrod Gawne (The Open Rays, For\u00eat Marine), a singer-songwriter, multi-instrumentalist, and producer based in the Laurentians of Quebec. Born in Victoria, British Columbia, into a family of musicians, he was raised in an environment where music was never simply a profession, it was a way of being.<\/span><\/p><p class=\"Normal tm5\"><span class=\"tm6\">Early on, he came to understand that music is a passport to the world, a space for connection, a tool for transformation, a territory where inner landscapes spill over into reality. In 2008, he made Quebec his permanent home, where he continues to nurture both his artistic path and his work as a Special Care Counsellor.<\/span><\/p><p class=\"Normal tm5\"><span class=\"tm6\">Through close work with individuals navigating mental health challenges and neurodiversity, Jarrod has developed a deep sensitivity to vulnerability, resilience, and human complexity; experiences that directly influence his songwriting. For him, music is an organic process. He doesn\u2019t manufacture songs, he unearths them. Fingers stumble upon a riff, lips pronounce a cryptic phrase, and gradually the meaning reveals itself as though the song already existed and simply needed to be brought into the world.<\/span><\/p><p class=\"Normal tm5\"><span class=\"tm6\">The name Ox &amp; Octopus embodies the duality of this artist. Inspired by both his astrological sign Taurus and the Ox of the Chinese zodiac, Ox represents endurance, steadiness, and silent strength. Octopus reflects the multifaceted nature of his creative process, an insatiable curiosity and a hands-on approach to every stage of creation: songwriting, recording, production, arrangement, and mixing. The name is thus a metaphor for self-acceptance, embracing one\u2019s inherent traits and transforming them into creative fuel.<\/span><\/p><p class=\"Normal tm5\"><span class=\"tm6\">Self-produced, Ox &amp; Octopus embraces a sound that is intentionally eclectic, at times raw and always sincere. Travelling through textured folk, introspective rock, electronic ballads, and feel good old-school rap, his music resists categorization and chooses authenticity over conformity. Surrounded by a close community of musician friends who add their voice to select songs, Jarrod crafts a body of work that feels free, embodied, and deeply human.<\/span><\/p><p class=\"Normal tm5\">\u00a0<\/p><p class=\"Normal tm5\">\u00a0<\/p><\/div><\/div><\/div><script type=\"text\/javascript\">var firstTab = document.querySelector('#_tabs_contents-24-92 > .oxy-tabs-contents-content-hidden:first-child'); if(firstTab && firstTab.classList){firstTab.classList.remove(\"oxy-tabs-contents-content-hidden\")};<\/script><\/div><\/section>","protected":false},"excerpt":{"rendered":"","protected":false},"author":1,"featured_media":0,"parent":0,"menu_order":0,"comment_status":"closed","ping_status":"closed","template":"","meta":{"footnotes":""},"class_list":["post-92","page","type-page","status-publish","hentry"],"_links":{"self":[{"href":"https:\/\/oxandoctopus.com\/fr\/wp-json\/wp\/v2\/pages\/92","targetHints":{"allow":["GET"]}}],"collection":[{"href":"https:\/\/oxandoctopus.com\/fr\/wp-json\/wp\/v2\/pages"}],"about":[{"href":"https:\/\/oxandoctopus.com\/fr\/wp-json\/wp\/v2\/types\/page"}],"author":[{"embeddable":true,"href":"https:\/\/oxandoctopus.com\/fr\/wp-json\/wp\/v2\/users\/1"}],"replies":[{"embeddable":true,"href":"https:\/\/oxandoctopus.com\/fr\/wp-json\/wp\/v2\/comments?post=92"}],"version-history":[{"count":2,"href":"https:\/\/oxandoctopus.com\/fr\/wp-json\/wp\/v2\/pages\/92\/revisions"}],"predecessor-version":[{"id":94,"href":"https:\/\/oxandoctopus.com\/fr\/wp-json\/wp\/v2\/pages\/92\/revisions\/94"}],"wp:attachment":[{"href":"https:\/\/oxandoctopus.com\/fr\/wp-json\/wp\/v2\/media?parent=92"}],"curies":[{"name":"wp","href":"https:\/\/api.w.org\/{rel}","templated":true}]}}