{"id":3,"date":"2026-02-06T07:37:19","date_gmt":"2026-02-06T07:37:19","guid":{"rendered":"https:\/\/oxandoctopus.com\/?page_id=3"},"modified":"2026-02-12T22:09:21","modified_gmt":"2026-02-12T22:09:21","slug":"privacy-policy","status":"publish","type":"page","link":"https:\/\/oxandoctopus.com\/fr\/privacy-policy\/","title":{"rendered":"Politique de confidentialit\u00e9"},"content":{"rendered":"<div style=\"width: 80%;padding:15px;margin: 0 auto;><div style=\"text-align:left;\">\r\n\r\n<h2 class=\"wp-block-heading\">Qui sommes-nous ?<\/h2>\r\n\r\n\r\n\r\n<p>L'adresse de notre site web est la suivante : https:\/\/oxandoctopus.com.<\/p>\r\n\r\n\r\n\r\n\r\n\r\n<h2 class=\"wp-block-heading\">Cookies<\/h2>\r\n\r\n\r\n\r\n<p>Nous n'utilisons pas de cookies de suivi ni m\u00eame de cookies au beurre de cacahu\u00e8te.\u00a0<\/p>\r\n<h2 class=\"wp-block-heading\">Contenu int\u00e9gr\u00e9 d'autres sites web<\/h2>\r\n\r\n\r\n\r\n<p>Les articles de ce site peuvent contenir du contenu int\u00e9gr\u00e9 (par exemple des vid\u00e9os, des images, des articles, etc.). Le contenu int\u00e9gr\u00e9 provenant d'autres sites web se comporte exactement de la m\u00eame mani\u00e8re que si le visiteur avait visit\u00e9 l'autre site web.<\/p>\r\n\r\n\r\n\r\n<p>Ces sites web peuvent collecter des donn\u00e9es vous concernant, utiliser des cookies, int\u00e9grer un suivi suppl\u00e9mentaire par des tiers et surveiller votre interaction avec ce contenu int\u00e9gr\u00e9, y compris votre interaction avec le contenu int\u00e9gr\u00e9 si vous avez un compte et que vous \u00eates connect\u00e9 \u00e0 ce site web.<\/p>\r\n\r\n\r\n\r\n<h2 class=\"wp-block-heading\">Avec qui partageons-nous vos donn\u00e9es ?<\/h2>\r\n\r\n\r\n\r\n<p>Nous ne partageons rien avec personne, sauf de la bonne musique et de bons moments.<\/p>\r\n\r\n\r\n\r\n<h2 class=\"wp-block-heading\">Dur\u00e9e de conservation des donn\u00e9es<\/h2>\r\n\r\n\r\n\r\n<p>Nous ne conservons aucune information personnelle sur les visiteurs. Nous ne sommes pas une m\u00e9gacorporation qui viole la vie priv\u00e9e comme Google.<\/p>\r\n<h2 class=\"wp-block-heading\">Quels sont les droits dont vous disposez sur vos donn\u00e9es ?<\/h2>\r\n\r\n\r\n\r\n<p>Si vous avez un compte sur ce site - ce qui n'est pas le cas - ou si vous avez laiss\u00e9 des commentaires - ce qui n'est pas le cas -, vous pouvez demander \u00e0 recevoir un fichier export\u00e9 des donn\u00e9es personnelles que nous d\u00e9tenons \u00e0 votre sujet, y compris toutes les donn\u00e9es que vous nous avez fournies. Vous pouvez \u00e9galement nous demander d'effacer toutes les donn\u00e9es personnelles que nous d\u00e9tenons \u00e0 votre sujet. Cela n'inclut pas les donn\u00e9es que nous sommes oblig\u00e9s de conserver \u00e0 des fins administratives, juridiques ou de s\u00e9curit\u00e9.<\/p>\r\n\r\n\r\n\r\n<h2 class=\"wp-block-heading\">O\u00f9 vos donn\u00e9es sont-elles envoy\u00e9es ?<\/h2>\r\n\r\n\r\n\r\n<p>Les commentaires des visiteurs peuvent \u00eatre v\u00e9rifi\u00e9s par un service automatis\u00e9 de d\u00e9tection des spams. Toutefois, aucun commentaire n'est pris, publi\u00e9 ou test\u00e9. Il s'agit d'un simple site, pas d'un vampire des m\u00e9dias sociaux.<\/p>\r\n\r\n<p>&nbsp;<\/p>\r\n<\/div><\/div>","protected":false},"excerpt":{"rendered":"","protected":false},"author":1,"featured_media":0,"parent":0,"menu_order":0,"comment_status":"closed","ping_status":"open","template":"","meta":{"footnotes":""},"class_list":["post-3","page","type-page","status-publish","hentry"],"_links":{"self":[{"href":"https:\/\/oxandoctopus.com\/fr\/wp-json\/wp\/v2\/pages\/3","targetHints":{"allow":["GET"]}}],"collection":[{"href":"https:\/\/oxandoctopus.com\/fr\/wp-json\/wp\/v2\/pages"}],"about":[{"href":"https:\/\/oxandoctopus.com\/fr\/wp-json\/wp\/v2\/types\/page"}],"author":[{"embeddable":true,"href":"https:\/\/oxandoctopus.com\/fr\/wp-json\/wp\/v2\/users\/1"}],"replies":[{"embeddable":true,"href":"https:\/\/oxandoctopus.com\/fr\/wp-json\/wp\/v2\/comments?post=3"}],"version-history":[{"count":3,"href":"https:\/\/oxandoctopus.com\/fr\/wp-json\/wp\/v2\/pages\/3\/revisions"}],"predecessor-version":[{"id":83,"href":"https:\/\/oxandoctopus.com\/fr\/wp-json\/wp\/v2\/pages\/3\/revisions\/83"}],"wp:attachment":[{"href":"https:\/\/oxandoctopus.com\/fr\/wp-json\/wp\/v2\/media?parent=3"}],"curies":[{"name":"wp","href":"https:\/\/api.w.org\/{rel}","templated":true}]}}