{"id":19,"date":"2019-03-02T11:10:25","date_gmt":"2019-03-02T11:10:25","guid":{"rendered":"http:\/\/brewery.oxy.host\/?page_id=115"},"modified":"2026-02-19T21:59:54","modified_gmt":"2026-02-19T21:59:54","slug":"events","status":"publish","type":"page","link":"https:\/\/oxandoctopus.com\/fr\/events\/","title":{"rendered":"Events"},"content":{"rendered":"<section id=\"section-2-115\" class=\"ct-section\" style=\"background-image: linear-gradient(#000000, rgba(0,0,0,0.6), #000000), url(https:\/\/oxandoctopus.com\/wp-content\/uploads\/2026\/02\/tourhdr.jpg);background-size:auto,  cover;\" ><div class=\"ct-section-inner-wrap\"><h1 id=\"headline-3-115\" class=\"ct-headline brewery-heading-one\" data-aos=\"fade-up\" data-aos-duration=\"500\" data-aos-once=\"true\">Spectacles en direct<\/h1><div id=\"text_block-5-115\" class=\"ct-text-block brewery-subheading\"  data-aos=\"fade-up\" data-aos-duration=\"500\" data-aos-delay=\"250\" data-aos-once=\"true\">Spectacles \u00e0 venir<\/div><\/div><\/section><section id=\"section-6-115\" class=\"ct-section\" style=\"background-image:url(https:\/\/oxandoctopus.com\/wp-content\/uploads\/2026\/02\/JJ-live.jpg);background-size: cover;\" ><div class=\"ct-section-inner-wrap\"><div id=\"div_block-85-19\" class=\"ct-div-block\" ><div id=\"new_columns-97-19\" class=\"ct-new-columns\"  data-aos=\"fade-up\" data-aos-once=\"true\"><div id=\"div_block-98-19\" class=\"ct-div-block brewery-timeline-1-line-wrapper\" ><div id=\"text_block-99-19\" class=\"ct-text-block brewery-timeline-1-digits\" >24.04.2026<\/div><\/div><div id=\"div_block-100-19\" class=\"ct-div-block brewery-timeline-2-text-wrapper\" ><img decoding=\"async\"  id=\"image-126-19\" alt=\"\" src=\"https:\/\/oxandoctopus.com\/wp-content\/uploads\/2026\/03\/2026-03-25-ox-oct-sm-247x300.jpg\" class=\"ct-image\" srcset-disabled=\"https:\/\/oxandoctopus.com\/wp-content\/uploads\/2026\/03\/2026-03-25-ox-oct-sm-247x300.jpg 247w, https:\/\/oxandoctopus.com\/wp-content\/uploads\/2026\/03\/2026-03-25-ox-oct-sm-10x12.jpg 10w\" sizes=\"(max-width: 247px) 100vw, 247px\" \/><h4 id=\"headline-102-19\" class=\"ct-headline brewery-timeline-1-title\">F\u00caTE DE PR\u00c9-\u00c9DITION !<\/h4><div id=\"text_block-103-19\" class=\"ct-text-block brewery-body-text\" >Rejoignez Ox &amp; Octopus pour une soir\u00e9e sp\u00e9ciale d'\u00e9coute et de performance en direct.  Cette soir\u00e9e offre une exp\u00e9rience unique pour plonger au c\u0153ur du projet et partager un moment privil\u00e9gi\u00e9 avec l'artiste.<\/div><div id=\"text_block-143-19\" class=\"ct-text-block brewery-body-text\" >19 HEURES<br><a href=\"https:\/\/www.lessaboteurs.com\/evenements\">LES SABOTEURS<\/a><br>2510 rue de l'eglise, Val-David<br>QC J0T 2N0 CANADA<\/div><a id=\"link-146-19\" class=\"ct-link\" href=\"https:\/\/www.lessaboteurs.com\/evenements\" target=\"_blank\"  ><img decoding=\"async\"  id=\"image-144-19\" alt=\"\" src=\"https:\/\/oxandoctopus.com\/wp-content\/uploads\/2026\/03\/LesSabotuers.png\" class=\"ct-image\" srcset-disabled=\"https:\/\/oxandoctopus.com\/wp-content\/uploads\/2026\/03\/LesSabotuers.png 320w, https:\/\/oxandoctopus.com\/wp-content\/uploads\/2026\/03\/LesSabotuers-300x225.png 300w, https:\/\/oxandoctopus.com\/wp-content\/uploads\/2026\/03\/LesSabotuers-16x12.png 16w\" sizes=\"(max-width: 320px) 100vw, 320px\" \/><\/a><\/div><\/div><div id=\"new_columns-128-19\" class=\"ct-new-columns\"  data-aos=\"fade-up\" data-aos-once=\"true\"><div id=\"div_block-129-19\" class=\"ct-div-block brewery-timeline-1-line-wrapper\" ><div id=\"text_block-130-19\" class=\"ct-text-block brewery-timeline-1-digits\" >06.06.2026<\/div><\/div><div id=\"div_block-131-19\" class=\"ct-div-block brewery-timeline-2-text-wrapper\" ><img decoding=\"async\"  id=\"image-132-19\" alt=\"\" src=\"https:\/\/oxandoctopus.com\/wp-content\/uploads\/2026\/02\/ox-octopus-logo-w-300x300.png\" class=\"ct-image\" srcset-disabled=\"https:\/\/oxandoctopus.com\/wp-content\/uploads\/2026\/02\/ox-octopus-logo-w-300x300.png 300w, https:\/\/oxandoctopus.com\/wp-content\/uploads\/2026\/02\/ox-octopus-logo-w-150x150.png 150w\" sizes=\"(max-width: 300px) 100vw, 300px\" \/><h4 id=\"headline-133-19\" class=\"ct-headline brewery-timeline-1-title\">En direct de la f\u00eate !<\/h4><div id=\"text_block-134-19\" class=\"ct-text-block brewery-body-text\" >Rejoins Ox &amp; Octopus et ses amis pour ta f\u00eate d'anniversaire. M\u00eame si ce n'est pas votre anniversaire. Ni Ox ni Octopus ne v\u00e9rifieront votre identit\u00e9.<\/div><\/div><\/div><div id=\"new_columns-136-19\" class=\"ct-new-columns\"  data-aos=\"fade-up\" data-aos-once=\"true\"><div id=\"div_block-137-19\" class=\"ct-div-block brewery-timeline-1-line-wrapper\" ><div id=\"text_block-138-19\" class=\"ct-text-block brewery-timeline-1-digits\" >08.08.2026<\/div><\/div><div id=\"div_block-139-19\" class=\"ct-div-block brewery-timeline-2-text-wrapper\" ><img decoding=\"async\"  id=\"image-140-19\" alt=\"\" src=\"https:\/\/oxandoctopus.com\/wp-content\/uploads\/2026\/02\/Fenyx-logo-291x300.jpg\" class=\"ct-image\" srcset-disabled=\"https:\/\/oxandoctopus.com\/wp-content\/uploads\/2026\/02\/Fenyx-logo-291x300.jpg 291w, https:\/\/oxandoctopus.com\/wp-content\/uploads\/2026\/02\/Fenyx-logo-12x12.jpg 12w\" sizes=\"(max-width: 291px) 100vw, 291px\" \/><h4 id=\"headline-141-19\" class=\"ct-headline brewery-timeline-1-title\">F\u00c9NYX PRESENTE<\/h4><div id=\"text_block-142-19\" class=\"ct-text-block brewery-body-text\" >SOIR\u00c9E DE LANCEMENT DE L'ALBUM<br><br>Ox &amp; Octopus joue dans la salle de concert de votre esprit, de vos os, de vos t\u00e9l\u00e9phones. Et peut-\u00eatre de votre t\u00e9l\u00e9phone.<\/div><\/div><\/div>\n\t\t<div id=\"-content-timeline-86-19\" class=\"oxy-content-timeline\" ><div class=\"oxy-content-timeline_inner\" ><div class=\"oxy-content-timeline_content\"><div class=\"oxy-content-timeline_content-inner oxy-inner-content\"><div id=\"text_block-88-19\" class=\"ct-text-block\" >10 avril - Some Venue<\/div><\/div><\/div><div class=\"oxy-content-timeline_marker\"><div class=\"oxy-content-timeline_marker-inner\"><svg class=\"oxy-content-timeline_icon\" id=\"-content-timeline-86-19-icon\"><use xlink:href=\"#FontAwesomeicon-calendar-o\"><\/use><\/svg><\/div><\/div><div class=\"oxy-content-timeline_meta\"><div class=\"oxy-content-timeline_meta-inner\"><\/div><\/div><\/div><\/div>\n\n\t\t<\/div><\/div><\/section>","protected":false},"excerpt":{"rendered":"","protected":false},"author":1,"featured_media":0,"parent":0,"menu_order":0,"comment_status":"closed","ping_status":"closed","template":"","meta":{"footnotes":""},"class_list":["post-19","page","type-page","status-publish","hentry"],"_links":{"self":[{"href":"https:\/\/oxandoctopus.com\/fr\/wp-json\/wp\/v2\/pages\/19","targetHints":{"allow":["GET"]}}],"collection":[{"href":"https:\/\/oxandoctopus.com\/fr\/wp-json\/wp\/v2\/pages"}],"about":[{"href":"https:\/\/oxandoctopus.com\/fr\/wp-json\/wp\/v2\/types\/page"}],"author":[{"embeddable":true,"href":"https:\/\/oxandoctopus.com\/fr\/wp-json\/wp\/v2\/users\/1"}],"replies":[{"embeddable":true,"href":"https:\/\/oxandoctopus.com\/fr\/wp-json\/wp\/v2\/comments?post=19"}],"version-history":[{"count":3,"href":"https:\/\/oxandoctopus.com\/fr\/wp-json\/wp\/v2\/pages\/19\/revisions"}],"predecessor-version":[{"id":91,"href":"https:\/\/oxandoctopus.com\/fr\/wp-json\/wp\/v2\/pages\/19\/revisions\/91"}],"wp:attachment":[{"href":"https:\/\/oxandoctopus.com\/fr\/wp-json\/wp\/v2\/media?parent=19"}],"curies":[{"name":"wp","href":"https:\/\/api.w.org\/{rel}","templated":true}]}}